{"id":576,"date":"2025-10-01T09:59:32","date_gmt":"2025-10-01T08:59:32","guid":{"rendered":"https:\/\/rail.physens.de\/?page_id=576"},"modified":"2025-10-01T09:59:37","modified_gmt":"2025-10-01T08:59:37","slug":"cookies","status":"publish","type":"page","link":"https:\/\/rail.physens.de\/en\/cookies\/","title":{"rendered":"Cookies"},"content":{"rendered":"<p>[et_pb_section fb_built=&#8221;1&#8243; disabled_on=&#8221;off|off|off&#8221; admin_label=&#8221;Header Section&#8221; _builder_version=&#8221;4.21.0&#8243; use_background_color_gradient=&#8221;on&#8221; background_color_gradient_stops=&#8221;rgba(20,61,88,0.65) 0%|#143d58 100%&#8221; background_color_gradient_overlays_image=&#8221;on&#8221; background_color_gradient_start=&#8221;rgba(20,61,88,0.65)&#8221; background_color_gradient_end=&#8221;#143d58&#8243; background_image=&#8221;https:\/\/phy-web2.physens.de\/wp-content\/uploads\/2023\/06\/christian-lue-7mC0f5U_l9w-unsplash-scaled.jpg&#8221; custom_margin=&#8221;|||&#8221; custom_padding=&#8221;12vw|0px|12vw|0px||&#8221; bottom_divider_style=&#8221;mountains2&#8243; bottom_divider_color=&#8221;rgba(5,41,66,0.3)&#8221; bottom_divider_height=&#8221;50%&#8221; animation_style=&#8221;slide&#8221; animation_direction=&#8221;top&#8221; animation_intensity_slide=&#8221;4%&#8221; animation_starting_opacity=&#8221;100%&#8221; locked=&#8221;off&#8221; global_colors_info=&#8221;{}&#8221;][et_pb_row disabled_on=&#8221;off|off|off&#8221; admin_label=&#8221;Header Row&#8221; module_class=&#8221; et_pb_row_fullwidth&#8221; _builder_version=&#8221;4.16&#8243; width=&#8221;89%&#8221; width_tablet=&#8221;80%&#8221; width_phone=&#8221;80%&#8221; width_last_edited=&#8221;on|desktop&#8221; max_width=&#8221;89%&#8221; max_width_tablet=&#8221;80%&#8221; max_width_phone=&#8221;80%&#8221; max_width_last_edited=&#8221;on|desktop&#8221; custom_padding=&#8221;|||&#8221; animation_style=&#8221;zoom&#8221; animation_intensity_zoom=&#8221;8%&#8221; make_fullwidth=&#8221;on&#8221; global_colors_info=&#8221;{}&#8221;][et_pb_column type=&#8221;4_4&#8243; _builder_version=&#8221;4.16&#8243; custom_padding=&#8221;|||&#8221; global_colors_info=&#8221;{}&#8221; custom_padding__hover=&#8221;|||&#8221;][et_pb_text admin_label=&#8221;Page Heading &#038; Subhead&#8221; _builder_version=&#8221;4.21.0&#8243; text_font=&#8221;||||||||&#8221; text_font_size=&#8221;22px&#8221; text_line_height=&#8221;1.8em&#8221; header_font=&#8221;|800|||||||&#8221; header_text_align=&#8221;center&#8221; header_font_size=&#8221;6vw&#8221; text_orientation=&#8221;center&#8221; background_layout=&#8221;dark&#8221; custom_margin=&#8221;|||&#8221; header_font_size_tablet=&#8221;50px&#8221; header_font_size_phone=&#8221;&#8221; header_font_size_last_edited=&#8221;on|desktop&#8221; header_line_height_tablet=&#8221;1.1em&#8221; header_line_height_phone=&#8221;1.2em&#8221; header_line_height_last_edited=&#8221;off|desktop&#8221; global_colors_info=&#8221;{}&#8221;]<\/p>\n<h1>Cookie Hinweise<\/h1>\n<p>[\/et_pb_text][\/et_pb_column][\/et_pb_row][\/et_pb_section][et_pb_section fb_built=&#8221;1&#8243; _builder_version=&#8221;4.27.4&#8243; _module_preset=&#8221;default&#8221; global_colors_info=&#8221;{}&#8221;][et_pb_row _builder_version=&#8221;4.27.4&#8243; _module_preset=&#8221;default&#8221; global_colors_info=&#8221;{}&#8221;][et_pb_column type=&#8221;4_4&#8243; _builder_version=&#8221;4.27.4&#8243; _module_preset=&#8221;default&#8221; global_colors_info=&#8221;{}&#8221;][et_pb_text _builder_version=&#8221;4.27.4&#8243; _module_preset=&#8221;default&#8221; text_font_size=&#8221;18px&#8221; global_colors_info=&#8221;{}&#8221;]<\/p>\n<h3><strong>Cookie Hinweise<\/strong><\/h3>\n<p><strong><\/strong><\/p>\n<p><strong><\/strong><\/p>\n<div data-id=\"3e53263\" data-element_type=\"widget\" data-model-cid=\"c29\" class=\"elementor-element elementor-element-edit-mode elementor-element-3e53263 elementor-element--toggle-edit-tools elementor-widget elementor-widget-text-editor ui-resizable\" data-widget_type=\"text-editor.default\">\n<div class=\"elementor-widget-container\">\n<div class=\"elementor-text-editor elementor-clearfix elementor-inline-editing\" data-elementor-setting-key=\"editor\" data-elementor-inline-editing-toolbar=\"advanced\">\n<p class=\"headline__text\" data-ste-component=\"headline\">Diese Cookie Hinweise gelten f\u00fcr die unter \u201erail.physens.de\u201c erreichbaren Webseiten (die \u201eWebseite\u201c).<\/p>\n<p>Cookies sind Textdateien, die bestimmte Informationen enthalten, und auf Ihrem Endger\u00e4t gespeichert werden. Cookies stammen entweder direkt von der PHYMAG Rail GmbH, dabei handelt es sich um sogenannte \u201eFirst Party Cookies\u201c oder von Dienstleistern, deren Dienste die PHYMAG Rail GmbH in Anspruch nimmt. In diesem Fall spricht man von \u201eThird Party Cookies\u201c.<\/p>\n<p>Cookies sind erforderlich, um bestimmte Funktionalit\u00e4ten auf Webseiten bereitzustellen, wie beispielweise die Beibehaltung der von einem Nutzer gew\u00e4hlten Sprache f\u00fcr die Darstellung der Webseite oder f\u00fcr einen Warenkorb. Dar\u00fcber hinaus erlauben Cookies es dem jeweiligen Herausgeber zu erkennen, dass eine Webseite von einem bestimmten Endger\u00e4t schon einmal aufgerufen wurde. Es ist auf diese Weise m\u00f6glich, wiederkehrende Besucher (bzw. deren Endger\u00e4te) zu erkennen und Informationen \u00fcber deren Nutzungsverhalten und mutma\u00dfliche Interessen zu gewinnen.<br \/>Diese Informationen werden genutzt, um den Besuchern relevante Informationen und Dienstleistungen auf der Website und ggf. auf fremden Internetseiten zu pr\u00e4sentieren.<\/p>\n<p>Abh\u00e4ngig von ihrer Funktion und ihrem Verwendungszweck k\u00f6nnen Cookies in unterschiedliche Kategorien eingeteilt werden: Unbedingt erforderliche Cookies, Performance Cookies und Marketing Cookies.<\/p>\n<p><strong>Unbedingt erforderliche Cookies<\/strong><\/p>\n<p>Diese Cookies sind notwendig, damit Sie auf der Webseite navigieren und ihre Funktionen verwenden k\u00f6nnen, zum Beispiel um Ihre Datenschutzpr\u00e4ferenzen oder Sprache einzustellen, sich anzumelden oder um Formulare auszuf\u00fcllen. Ohne diese Cookies k\u00f6nnen die von Ihnen \u00fcber die Webseite angefragten Leistungen nicht oder nur eingeschr\u00e4nkt erbracht werden. Unbedingt erforderliche Cookies ben\u00f6tigen nach anwendbarem Recht keine Einwilligung durch den Nutzer.<br \/>Sie k\u00f6nnen Ihren Webbrowser so konfigurieren, dass auch unbedingt erforderliche Cookies blockiert werden. In diesem Fall kann die Webseite m\u00f6glicherweise nicht in der vorgesehenen Weise genutzt werden.<\/p>\n<p>Sofern die mit Hilfe dieser Cookies verarbeiteten Daten im Einzelfall als personenbeziehbar anzusehen sind, stellt das berechtigte Interesse der PHYMAG GmbH am Betrieb der Webseite die Rechtsgrundlage f\u00fcr die Verarbeitung dieser Daten dar.<\/p>\n<p><strong>Performance Cookies<\/strong><\/p>\n<p>Diese Cookies sammeln Informationen \u00fcber die die Nutzung der Webseite, z.B. welche Seiten am h\u00e4ufigsten besucht werden und wie sich Besucher auf der Webseite bewegen. Sie sollen helfen, die Nutzerfreundlichkeit der Webseite und damit das Nutzererlebnis zu verbessern und die n\u00f6tige Infrastruktur auslegen zu k\u00f6nnen.<br \/>Weitere, mit Performance Cookies gesammelte Informationen, k\u00f6nnen z.B. sein: verwendeter Internet-Browser und Betriebssystem, Domain-Name der Webseite, von der Sie kamen, Anzahl der Besuche, durchschnittliche Verweilzeit, aufgerufene Seiten.<\/p>\n<p>Die bei der Nutzung dieser Cookies anfallenden Daten sind aggregiert und lassen sich in der Regel keiner bestimmten nat\u00fcrlichen Person zuordnen. Sofern die mit Hilfe von Performance Cookies verarbeiteten Daten im Einzelfall als personenbeziehbar anzusehen sind, stellt die Einwilligung des Nutzers die Rechtsgrundlage f\u00fcr die Verarbeitung dieser Daten dar.<\/p>\n<p><strong>Marketing Cookies<\/strong><\/p>\n<p>Marketing Cookies (auch Targeting oder Advertising Cookies genannt) werden genutzt, um Werbeanzeigen auf Webseiten Dritter anzeigen zu lassen, die f\u00fcr den Nutzer und seine Interessen relevanter sind. Sie werden au\u00dferdem dazu verwendet, die Erscheinungsh\u00e4ufigkeit einer Anzeige zu begrenzen und die Effektivit\u00e4t von Werbekampagnen zu messen und zu steuern.<\/p>\n<p>Rechtsgrundlage f\u00fcr die Verarbeitung der mit Hilfe von Marketing Cookies ggf. verarbeiteten personenbeziehbaren Daten ist die Einwilligung des Nutzers.<\/p>\n<p>Die PHYMAG Rail GmbH setzt auf diesen Seiten keine solchen Cookies ein.<\/p>\n<\/div>\n<\/div>\n<\/div>\n<p>[\/et_pb_text][\/et_pb_column][\/et_pb_row][\/et_pb_section]<\/p>\n","protected":false},"excerpt":{"rendered":"<p>Cookie HinweiseCookie Hinweise Diese Cookie Hinweise gelten f\u00fcr die unter \u201erail.physens.de\u201c erreichbaren Webseiten (die \u201eWebseite\u201c). Cookies sind Textdateien, die bestimmte Informationen enthalten, und auf Ihrem Endger\u00e4t gespeichert werden. Cookies stammen entweder direkt von der PHYMAG Rail GmbH, dabei handelt es sich um sogenannte \u201eFirst Party Cookies\u201c oder von Dienstleistern, deren Dienste die PHYMAG Rail GmbH [&hellip;]<\/p>\n","protected":false},"author":5,"featured_media":0,"parent":0,"menu_order":0,"comment_status":"closed","ping_status":"closed","template":"","meta":{"_et_pb_use_builder":"on","_et_pb_old_content":"","_et_gb_content_width":"","footnotes":""},"class_list":["post-576","page","type-page","status-publish","hentry"],"_links":{"self":[{"href":"https:\/\/rail.physens.de\/en\/wp-json\/wp\/v2\/pages\/576","targetHints":{"allow":["GET"]}}],"collection":[{"href":"https:\/\/rail.physens.de\/en\/wp-json\/wp\/v2\/pages"}],"about":[{"href":"https:\/\/rail.physens.de\/en\/wp-json\/wp\/v2\/types\/page"}],"author":[{"embeddable":true,"href":"https:\/\/rail.physens.de\/en\/wp-json\/wp\/v2\/users\/5"}],"replies":[{"embeddable":true,"href":"https:\/\/rail.physens.de\/en\/wp-json\/wp\/v2\/comments?post=576"}],"version-history":[{"count":8,"href":"https:\/\/rail.physens.de\/en\/wp-json\/wp\/v2\/pages\/576\/revisions"}],"predecessor-version":[{"id":712,"href":"https:\/\/rail.physens.de\/en\/wp-json\/wp\/v2\/pages\/576\/revisions\/712"}],"wp:attachment":[{"href":"https:\/\/rail.physens.de\/en\/wp-json\/wp\/v2\/media?parent=576"}],"curies":[{"name":"wp","href":"https:\/\/api.w.org\/{rel}","templated":true}]}}